{"id":263,"date":"2025-05-01T16:32:35","date_gmt":"2025-05-01T16:32:35","guid":{"rendered":"https:\/\/dourobyte.com\/?page_id=263"},"modified":"2025-05-01T16:43:48","modified_gmt":"2025-05-01T16:43:48","slug":"blog","status":"publish","type":"page","link":"https:\/\/dourobyte.com\/en\/blog\/","title":{"rendered":"Blog"},"content":{"rendered":"<div data-elementor-type=\"wp-page\" data-elementor-id=\"263\" class=\"elementor elementor-263\" data-elementor-post-type=\"page\">\n\t\t\t\t\t\t<section class=\"elementor-section elementor-top-section elementor-element elementor-element-7d2b58eb elementor-section-boxed elementor-section-height-default elementor-section-height-default\" data-id=\"7d2b58eb\" data-element_type=\"section\">\n\t\t\t\t\t\t\t<div class=\"elementor-background-overlay\"><\/div>\n\t\t\t\t\t\t\t<div class=\"elementor-container elementor-column-gap-default\">\n\t\t\t\t\t<div class=\"elementor-column elementor-col-100 elementor-top-column elementor-element elementor-element-31d0a1cc\" data-id=\"31d0a1cc\" data-element_type=\"column\">\n\t\t\t<div class=\"elementor-widget-wrap elementor-element-populated\">\n\t\t\t\t\t\t<div class=\"elementor-element elementor-element-4b0f669a elementor-icon-list--layout-inline elementor-list-item-link-full_width elementor-invisible elementor-widget elementor-widget-icon-list\" data-id=\"4b0f669a\" data-element_type=\"widget\" data-settings=\"{&quot;_animation&quot;:&quot;fadeInUp&quot;}\" data-widget_type=\"icon-list.default\">\n\t\t\t\t<div class=\"elementor-widget-container\">\n\t\t\t\t\t\t\t<ul class=\"elementor-icon-list-items elementor-inline-items\">\n\t\t\t\t\t\t\t<li class=\"elementor-icon-list-item elementor-inline-item\">\n\t\t\t\t\t\t\t\t\t\t\t<a href=\"#\">\n\n\t\t\t\t\t\t\t\t\t\t\t<span class=\"elementor-icon-list-text\">In\u00edcio<\/span>\n\t\t\t\t\t\t\t\t\t\t\t<\/a>\n\t\t\t\t\t\t\t\t\t<\/li>\n\t\t\t\t\t\t\t\t<li class=\"elementor-icon-list-item elementor-inline-item\">\n\t\t\t\t\t\t\t\t\t\t<span class=\"elementor-icon-list-text\">\/<\/span>\n\t\t\t\t\t\t\t\t\t<\/li>\n\t\t\t\t\t\t\t\t<li class=\"elementor-icon-list-item elementor-inline-item\">\n\t\t\t\t\t\t\t\t\t\t<span class=\"elementor-icon-list-text\">Blog<\/span>\n\t\t\t\t\t\t\t\t\t<\/li>\n\t\t\t\t\t\t<\/ul>\n\t\t\t\t\t\t<\/div>\n\t\t\t\t<\/div>\n\t\t\t\t<div class=\"elementor-element elementor-element-33ae96e8 elementor-invisible elementor-widget elementor-widget-heading\" data-id=\"33ae96e8\" data-element_type=\"widget\" data-settings=\"{&quot;_animation&quot;:&quot;fadeInUp&quot;}\" data-widget_type=\"heading.default\">\n\t\t\t\t<div class=\"elementor-widget-container\">\n\t\t\t\t\t<h2 class=\"elementor-heading-title elementor-size-default\">Artigos<\/h2>\t\t\t\t<\/div>\n\t\t\t\t<\/div>\n\t\t\t\t\t<\/div>\n\t\t<\/div>\n\t\t\t\t\t<\/div>\n\t\t<\/section>\n\t\t\t\t<section class=\"elementor-section elementor-top-section elementor-element elementor-element-2a5ffaf6 elementor-section-boxed elementor-section-height-default elementor-section-height-default\" data-id=\"2a5ffaf6\" data-element_type=\"section\">\n\t\t\t\t\t\t<div class=\"elementor-container elementor-column-gap-default\">\n\t\t\t\t\t<div class=\"elementor-column elementor-col-100 elementor-top-column elementor-element elementor-element-172e2089\" data-id=\"172e2089\" data-element_type=\"column\">\n\t\t\t<div class=\"elementor-widget-wrap elementor-element-populated\">\n\t\t\t\t\t\t<div class=\"elementor-element elementor-element-2c6e6b2e elementor-widget elementor-widget-tfposts\" data-id=\"2c6e6b2e\" data-element_type=\"widget\" data-widget_type=\"tfposts.default\">\n\t\t\t\t<div class=\"elementor-widget-container\">\n\t\t\t\t\t\t\t<div id=\"tf-posts-2c6e6b2e\" class=\"tf-posts-2c6e6b2e tf-posts-wrap column-3 tablet-column-2 mobile-column-1  no-arrow no-bullets grid-styles-default featured-post-top\" data-tabid=\"2c6e6b2e\" data-class_id=\"tf-posts-2c6e6b2e\" data-loop=\"\" data-auto=\"\" data-column=\"\" data-column2=\"\" data-column3=\"\" data-spacer=\"\" data-prev_icon=\"\" data-next_icon=\"\" >\t\t\t\r\n\t\t\t<div class=\"tf-posts  grid\">\r\n\t\t\t\t\t\t\t\t\t\t\r\n\t\t\t\t\t\t\t\t<div class=\"column\">\r\n\t\t\t\t\t<div class=\"entry blog-post\">\r\n\t\t\t\t\t\t\t\t\t\t\t\t\t\t\t\t\t\t\t\t\t\t\t\t\t\t\t<div class=\"featured-post\">\r\n\t\t\t\t\t\t\t\t\t\t\t\t\t\t\t\t\t\t\t\t\t\t\t\t\t\t\t\t\t\t\t\t\t\t\t\t<a href=\"https:\/\/dourobyte.com\/en\/2025\/04\/30\/hello-world\/\" class=\"overlay\">\r\n\t\t\t\t\t\t\t\t\t\t\t\t\t<i class=\"fas fa-plus\" aria-hidden=\"true\"><\/i>\t\t\t\t\t\t\t\t\t\t\t\t<\/a>\r\n\t\t\t\t\t\t\t\t\t\t\t\t\t\t\t\t\t\t\t\t\t\r\n\t\t\t\t\t\t\t\t\t\t\t<\/div>\r\n\t\t\t\t\t\t\t\t\t\t\t\t\t\t\t\t\t\t\t\t\t\t\t<div class=\"box-time\">\r\n\t\t\t\t\t\t\t\t\t\t\t\t\t\t\t\t\t\t\t\t\t\t\t\t\t\t<a href=\"https:\/\/dourobyte.com\/en\/2025\/04\/30\/\">\r\n\t\t\t\t\t\t\t\t\t\t\t\t\t\t<span class=\"day\">30<\/span>\r\n\t\t\t\t\t\t\t\t\t\t\t\t\t\t<span class=\"month\">Apr<\/span>\r\n\t\t\t\t\t\t\t\t\t\t\t\t\t<\/a>\r\n\t\t\t\t\t\t\t\t\t\t\t\t<\/div>\r\n\t\t\t\t\t\t\t\t\t\t\t\t\t\t\t\t\t\t\t\t\t\t\r\n\t\t\t\t\t\t\t\t\t\t\t\t\t\t\t\t\t\t\t\t\t\t\t\t\t\t\t\t<div class=\"content\">\r\n\t\t\t\t\t\t\t\t\t\t\t\t\t\t\t\t\t\t\t\t\t\t\t\t\t\t\t\t\t\t\t\t\t<ul class=\"post-meta\">\r\n\t\t\t\t\t\t\t\t\t\t\t\t\t\r\n\t\t\t\t\t\t\t\t\t\t\t\t\t\r\n\t\t\t\t\t\t\t\t\t\t\t\t\t\t\t\t\t\t\t\t\t\t\t\t\t\t<li class=\"post-date\">\r\n\t\t\t\t\t\t\t\t\t\t\t\t\t\t\t\t\t\t\t\t\t\t\t\t\t\t\t\t<i class=\"far fa-calendar-alt\" aria-hidden=\"true\"><\/i>\t\t\t\t\t\t\t\t\t\t\t\t\t\t<a href=\"https:\/\/dourobyte.com\/en\/2025\/04\/30\/\">April 30, 2025<\/a>\r\n\r\n\t\t\t\t\t\t\t\t\t\t\t\t\t<\/li>\t\t\t\t\t\t\t\t\t\t\r\n\t\t\t\t\t\t\t\t\t\t\t\t\t\r\n\t\t\t\t\t\t\t\t\t\t\t\t\t\t\t\t\t\t\t\t\t\t\t\t\t\t<li class=\"post-comments\">\r\n\t\t\t\t\t\t\t\t\t\t\t\t\t\t<i class=\"far fa-comments\" aria-hidden=\"true\"><\/i>\t\t\t\t\t\t\t\t\t\t\t\t\t\t<a href=\"https:\/\/dourobyte.com\/en\/2025\/04\/30\/hello-world\/#comments\">Comment (1)<\/a>\t\t\t\t\t\t\t\t\t\t\t\r\n\t\t\t\t\t\t\t\t\t\t\t\t\t\t<\/li>\r\n\t\t\t\t\t\t\t\t\t\t\t\t\t\t\t\t\t\t\t\t\t\t\t\t\t<\/ul>\r\n\t\t\t\t\t\t\t\t\t\t\t\t\t\t\t\t\t\r\n\t\t\t\t\t\t\t\t\t\t\r\n\t\t\t\t\t\t\t\t\t\t\t\t\t\t\t\t\t\t\t\t\t<h2 class=\"title\"><a href=\"https:\/\/dourobyte.com\/en\/2025\/04\/30\/hello-world\/\" title=\"Como prolongar a vida \u00fatil do seu computador: 5 dicas pr\u00e1ticas\">Como prolongar a vida \u00fatil do seu computador: 5 dicas pr\u00e1ticas<\/a><\/h2>\r\n\t\t\t\t\t\t\t\t\t\t\r\n\t\t\t\t\t\t\t\t\t\t\t\t\t\t\t\t\t\t\t\t\t\t\t\t\t\t\t\r\n\t\t\t\t\t\t\t\t\t\t\r\n\t\t\t\t\t\t\t\t\t\t\r\n\t\t\t\t\t\t\t\t\t\t\t\t\t\t\t\t\t\t\t\t\t<div class=\"content-post\">Hoje em dia, o computador \u00e9 uma ferramenta essencial para trabalhar, estudar e at\u00e9 comunicar com a fam\u00edlia. Mas, tal como qualquer outro equipamento, o seu desempenho degrada-se com o&hellip;<\/div>\r\n\t\t\t\t\t\t\t\t\t\t\t\t\t\t\t\t\t\t\t\t\r\n\t\t\t\t\t\t\t\t\t\t\t\t\t\t\t\t\r\n\t\t\t\t\t\t\t\t\t<\/div>\r\n\t\t\t\t\t\t\t\t\t\t\t\t\t\t\t\t\r\n\t\t\t\t\t<\/div>\r\n\t\t\t\t<\/div>\r\n\t\t\t\t\t\t\t\t\t\t\t<\/div>\r\n\t\t\t\t\r\n\t\t\t\t\t\t<nav class=\"navigation navigation-numeric-link\" role=\"navigation\">\r\n\t\t\t\t<div class=\"pagination loop-pagination center\">\r\n\t\t\t\t\t\t\t\t<\/div>\r\n\t\t\t<\/nav>\r\n\t\t\t\t\t<\/div>\r\n\r\n\t\t\t\t\t\t<\/div>\n\t\t\t\t<\/div>\n\t\t\t\t\t<\/div>\n\t\t<\/div>\n\t\t\t\t\t<\/div>\n\t\t<\/section>\n\t\t\t\t<\/div>","protected":false},"excerpt":{"rendered":"<p>In\u00edcio \/ Blog Artigos 30 Abr Abril 30, 2025 Comment (1) Hello world! Welcome to WordPress. This is your first post. Edit or delete it, then start writing!<\/p>","protected":false},"author":1,"featured_media":0,"parent":0,"menu_order":0,"comment_status":"closed","ping_status":"closed","template":"","meta":{"pagelayer_contact_templates":[],"_pagelayer_content":"","footnotes":""},"class_list":["post-263","page","type-page","status-publish","hentry"],"yoast_head":"<!-- This site is optimized with the Yoast SEO plugin v25.0 - https:\/\/yoast.com\/wordpress\/plugins\/seo\/ -->\n<title>Blog - DouroByte<\/title>\n<meta name=\"robots\" content=\"index, follow, max-snippet:-1, max-image-preview:large, max-video-preview:-1\" \/>\n<link rel=\"canonical\" href=\"https:\/\/dourobyte.com\/en\/blog\/\" \/>\n<meta property=\"og:locale\" content=\"en_GB\" \/>\n<meta property=\"og:type\" content=\"article\" \/>\n<meta property=\"og:title\" content=\"Blog - DouroByte\" \/>\n<meta property=\"og:description\" content=\"In\u00edcio \/ Blog Artigos 30 Abr Abril 30, 2025 Comment (1) Hello world! Welcome to WordPress. This is your first post. Edit or delete it, then start writing!\" \/>\n<meta property=\"og:url\" content=\"https:\/\/dourobyte.com\/en\/blog\/\" \/>\n<meta property=\"og:site_name\" content=\"DouroByte\" \/>\n<meta property=\"article:publisher\" content=\"https:\/\/www.facebook.com\/dourobyteinformatica\/?locale=pt_PT\" \/>\n<meta property=\"article:modified_time\" content=\"2025-05-01T16:43:48+00:00\" \/>\n<meta name=\"twitter:card\" content=\"summary_large_image\" \/>\n<script type=\"application\/ld+json\" class=\"yoast-schema-graph\">{\"@context\":\"https:\/\/schema.org\",\"@graph\":[{\"@type\":\"WebPage\",\"@id\":\"https:\/\/dourobyte.com\/blog\/\",\"url\":\"https:\/\/dourobyte.com\/blog\/\",\"name\":\"Blog - DouroByte\",\"isPartOf\":{\"@id\":\"https:\/\/dourobyte.com\/#website\"},\"datePublished\":\"2025-05-01T16:32:35+00:00\",\"dateModified\":\"2025-05-01T16:43:48+00:00\",\"breadcrumb\":{\"@id\":\"https:\/\/dourobyte.com\/blog\/#breadcrumb\"},\"inLanguage\":\"en-GB\",\"potentialAction\":[{\"@type\":\"ReadAction\",\"target\":[\"https:\/\/dourobyte.com\/blog\/\"]}]},{\"@type\":\"BreadcrumbList\",\"@id\":\"https:\/\/dourobyte.com\/blog\/#breadcrumb\",\"itemListElement\":[{\"@type\":\"ListItem\",\"position\":1,\"name\":\"In\u00edcio\",\"item\":\"https:\/\/dourobyte.com\/\"},{\"@type\":\"ListItem\",\"position\":2,\"name\":\"Blog\"}]},{\"@type\":\"WebSite\",\"@id\":\"https:\/\/dourobyte.com\/#website\",\"url\":\"https:\/\/dourobyte.com\/\",\"name\":\"DouroByte\",\"description\":\"As melhores solu\u00e7\u00f5es ao seu dispor\",\"publisher\":{\"@id\":\"https:\/\/dourobyte.com\/#organization\"},\"potentialAction\":[{\"@type\":\"SearchAction\",\"target\":{\"@type\":\"EntryPoint\",\"urlTemplate\":\"https:\/\/dourobyte.com\/?s={search_term_string}\"},\"query-input\":{\"@type\":\"PropertyValueSpecification\",\"valueRequired\":true,\"valueName\":\"search_term_string\"}}],\"inLanguage\":\"en-GB\"},{\"@type\":\"Organization\",\"@id\":\"https:\/\/dourobyte.com\/#organization\",\"name\":\"DouroByte\",\"url\":\"https:\/\/dourobyte.com\/\",\"logo\":{\"@type\":\"ImageObject\",\"inLanguage\":\"en-GB\",\"@id\":\"https:\/\/dourobyte.com\/#\/schema\/logo\/image\/\",\"url\":\"https:\/\/dourobyte.com\/wp-content\/uploads\/2025\/05\/cropped-477051786_1191885032941082_6038287917861764683_n.jpg\",\"contentUrl\":\"https:\/\/dourobyte.com\/wp-content\/uploads\/2025\/05\/cropped-477051786_1191885032941082_6038287917861764683_n.jpg\",\"width\":435,\"height\":250,\"caption\":\"DouroByte\"},\"image\":{\"@id\":\"https:\/\/dourobyte.com\/#\/schema\/logo\/image\/\"},\"sameAs\":[\"https:\/\/www.facebook.com\/dourobyteinformatica\/?locale=pt_PT\",\"https:\/\/www.instagram.com\/dourobyteinformatica\/\"]}]}<\/script>\n<!-- \/ Yoast SEO plugin. -->","yoast_head_json":{"title":"Blog - DouroByte","robots":{"index":"index","follow":"follow","max-snippet":"max-snippet:-1","max-image-preview":"max-image-preview:large","max-video-preview":"max-video-preview:-1"},"canonical":"https:\/\/dourobyte.com\/en\/blog\/","og_locale":"en_GB","og_type":"article","og_title":"Blog - DouroByte","og_description":"In\u00edcio \/ Blog Artigos 30 Abr Abril 30, 2025 Comment (1) Hello world! Welcome to WordPress. This is your first post. Edit or delete it, then start writing!","og_url":"https:\/\/dourobyte.com\/en\/blog\/","og_site_name":"DouroByte","article_publisher":"https:\/\/www.facebook.com\/dourobyteinformatica\/?locale=pt_PT","article_modified_time":"2025-05-01T16:43:48+00:00","twitter_card":"summary_large_image","schema":{"@context":"https:\/\/schema.org","@graph":[{"@type":"WebPage","@id":"https:\/\/dourobyte.com\/blog\/","url":"https:\/\/dourobyte.com\/blog\/","name":"Blog - DouroByte","isPartOf":{"@id":"https:\/\/dourobyte.com\/#website"},"datePublished":"2025-05-01T16:32:35+00:00","dateModified":"2025-05-01T16:43:48+00:00","breadcrumb":{"@id":"https:\/\/dourobyte.com\/blog\/#breadcrumb"},"inLanguage":"en-GB","potentialAction":[{"@type":"ReadAction","target":["https:\/\/dourobyte.com\/blog\/"]}]},{"@type":"BreadcrumbList","@id":"https:\/\/dourobyte.com\/blog\/#breadcrumb","itemListElement":[{"@type":"ListItem","position":1,"name":"In\u00edcio","item":"https:\/\/dourobyte.com\/"},{"@type":"ListItem","position":2,"name":"Blog"}]},{"@type":"WebSite","@id":"https:\/\/dourobyte.com\/#website","url":"https:\/\/dourobyte.com\/","name":"DouroByte","description":"As melhores solu\u00e7\u00f5es ao seu dispor","publisher":{"@id":"https:\/\/dourobyte.com\/#organization"},"potentialAction":[{"@type":"SearchAction","target":{"@type":"EntryPoint","urlTemplate":"https:\/\/dourobyte.com\/?s={search_term_string}"},"query-input":{"@type":"PropertyValueSpecification","valueRequired":true,"valueName":"search_term_string"}}],"inLanguage":"en-GB"},{"@type":"Organization","@id":"https:\/\/dourobyte.com\/#organization","name":"DouroByte","url":"https:\/\/dourobyte.com\/","logo":{"@type":"ImageObject","inLanguage":"en-GB","@id":"https:\/\/dourobyte.com\/#\/schema\/logo\/image\/","url":"https:\/\/dourobyte.com\/wp-content\/uploads\/2025\/05\/cropped-477051786_1191885032941082_6038287917861764683_n.jpg","contentUrl":"https:\/\/dourobyte.com\/wp-content\/uploads\/2025\/05\/cropped-477051786_1191885032941082_6038287917861764683_n.jpg","width":435,"height":250,"caption":"DouroByte"},"image":{"@id":"https:\/\/dourobyte.com\/#\/schema\/logo\/image\/"},"sameAs":["https:\/\/www.facebook.com\/dourobyteinformatica\/?locale=pt_PT","https:\/\/www.instagram.com\/dourobyteinformatica\/"]}]}},"_links":{"self":[{"href":"https:\/\/dourobyte.com\/en\/wp-json\/wp\/v2\/pages\/263","targetHints":{"allow":["GET"]}}],"collection":[{"href":"https:\/\/dourobyte.com\/en\/wp-json\/wp\/v2\/pages"}],"about":[{"href":"https:\/\/dourobyte.com\/en\/wp-json\/wp\/v2\/types\/page"}],"author":[{"embeddable":true,"href":"https:\/\/dourobyte.com\/en\/wp-json\/wp\/v2\/users\/1"}],"replies":[{"embeddable":true,"href":"https:\/\/dourobyte.com\/en\/wp-json\/wp\/v2\/comments?post=263"}],"version-history":[{"count":4,"href":"https:\/\/dourobyte.com\/en\/wp-json\/wp\/v2\/pages\/263\/revisions"}],"predecessor-version":[{"id":268,"href":"https:\/\/dourobyte.com\/en\/wp-json\/wp\/v2\/pages\/263\/revisions\/268"}],"wp:attachment":[{"href":"https:\/\/dourobyte.com\/en\/wp-json\/wp\/v2\/media?parent=263"}],"curies":[{"name":"wp","href":"https:\/\/api.w.org\/{rel}","templated":true}]}}